{"id":5,"date":"2013-07-10T14:04:05","date_gmt":"2013-07-10T12:04:05","guid":{"rendered":"http:\/\/greifenwehr.de\/?page_id=5"},"modified":"2013-07-15T14:09:05","modified_gmt":"2013-07-15T12:09:05","slug":"willkommen","status":"publish","type":"page","link":"http:\/\/greifenwehr.de\/","title":{"rendered":"Willkommen"},"content":{"rendered":"<p>Seid gegr\u00fc\u00dft auf den Seiten der Baronie Greifenwehr!<\/p>\n<p>Wir sind eine Gruppe von Freunden aus dem Raum Bayern\/\u00d6sterreich, die <a title=\"Was ist LARP?\" href=\"http:\/\/www.larpwiki.de\/LARP\" target=\"_blank\">Liverollenspiel<\/a> als gemeinsames Hobby betreibt. Auf dieser Seite k\u00f6nnt ihr euch ansehen, auf welche <a href=\"http:\/\/www.larpwiki.de\/LarpKurzinfo\">Lives (Cons)<\/a> wir fahren, welche Charaktere wir darstellen und vieles mehr!<\/p>\n<p>Um unseren Charakteren auf Liverollenspielen einen gemeinsamen Hintergrund zu geben, haben wir das Adelshaus und die<em>\u00a0Baronie Greifenwehr <\/em>ersonnen, die wir in der Fantasy-Welt <a href=\"http:\/\/de.wikipedia.org\/wiki\/Aventurien\">Aventurien<\/a> des Rollenspiels <a href=\"http:\/\/de.wikipedia.org\/wiki\/Das_Schwarze_Auge\">Das Schwarze Auge<\/a> angesiedelt haben.<\/p>\n<p>Wenn ihr uns kontaktieren m\u00f6chtet, (zum Beispiel weil ihr mit uns auf ein LARP fahren m\u00f6chtet ; &#8211; ) k\u00f6nnt ihr dies gerne \u00fcber Email tun. (Dazu einfach an &#8222;gruppe at greifenwehr.de&#8220; schreiben)<\/p>\n","protected":false},"excerpt":{"rendered":"<p>Seid gegr\u00fc\u00dft auf den Seiten der Baronie Greifenwehr! Wir sind eine Gruppe von Freunden aus dem Raum Bayern\/\u00d6sterreich, die Liverollenspiel als gemeinsames Hobby betreibt. Auf dieser Seite k\u00f6nnt ihr euch ansehen, auf welche Lives (Cons) wir fahren, welche Charaktere wir &hellip; <a href=\"http:\/\/greifenwehr.de\/\">Weiterlesen <span class=\"meta-nav\">&rarr;<\/span><\/a><\/p>\n","protected":false},"author":1,"featured_media":0,"parent":0,"menu_order":0,"comment_status":"closed","ping_status":"closed","template":"sidebar-page.php","meta":[],"_links":{"self":[{"href":"http:\/\/greifenwehr.de\/index.php?rest_route=\/wp\/v2\/pages\/5"}],"collection":[{"href":"http:\/\/greifenwehr.de\/index.php?rest_route=\/wp\/v2\/pages"}],"about":[{"href":"http:\/\/greifenwehr.de\/index.php?rest_route=\/wp\/v2\/types\/page"}],"author":[{"embeddable":true,"href":"http:\/\/greifenwehr.de\/index.php?rest_route=\/wp\/v2\/users\/1"}],"replies":[{"embeddable":true,"href":"http:\/\/greifenwehr.de\/index.php?rest_route=%2Fwp%2Fv2%2Fcomments&post=5"}],"version-history":[{"count":11,"href":"http:\/\/greifenwehr.de\/index.php?rest_route=\/wp\/v2\/pages\/5\/revisions"}],"predecessor-version":[{"id":178,"href":"http:\/\/greifenwehr.de\/index.php?rest_route=\/wp\/v2\/pages\/5\/revisions\/178"}],"wp:attachment":[{"href":"http:\/\/greifenwehr.de\/index.php?rest_route=%2Fwp%2Fv2%2Fmedia&parent=5"}],"curies":[{"name":"wp","href":"https:\/\/api.w.org\/{rel}","templated":true}]}}